{"id":38,"date":"2024-07-04T23:08:44","date_gmt":"2024-07-04T23:08:44","guid":{"rendered":"https:\/\/fotokritikken.no\/?page_id=38"},"modified":"2025-06-18T23:21:35","modified_gmt":"2025-06-18T23:21:35","slug":"om-oss","status":"publish","type":"page","link":"https:\/\/fotokritikken.no\/?page_id=38","title":{"rendered":"Om oss"},"content":{"rendered":"\n<h3 class=\"wp-block-heading has-text-align-center\"><\/h3>\n\n\n\n<p class=\"has-text-align-center has-cyan-bluish-gray-color has-text-color has-link-color has-medium-font-size wp-elements-b36d7afc950122a88679eeae4aae0f30\">Det er \u00f8nskelig at alle som bruker sidene bidrar med konstruktiv og god kritikk.<br>Vi har egne eksperter som kommenterer bildene dine i tillegg til alle andre, som fritt kan kommentere \u00e5 mene noe om innholdet i bildene dine.<\/p>\n\n\n\n<p class=\"has-text-align-center has-cyan-bluish-gray-color has-text-color has-link-color has-medium-font-size wp-elements-b691f792e19c985b4eee42c2b1f6e816\">Denne siden er ment som et tilbud for alle som har fotointeresse over gjennomsnittet, <br>det er opp til oss selv \u00e5 s\u00f8ke, forh\u00e5pentlig \u00f8ke kunnskapen n\u00e5r det gjelder \u00e5 ta gode bilder.<\/p>\n\n\n\n<p class=\"has-text-align-center has-cyan-bluish-gray-color has-text-color has-link-color has-medium-font-size wp-elements-2a77feb8069447241b96e8f901311b6e\"><br>Det er en glede \u00e5 \u00f8nske alle fotografer hjertelig velkommen til denne siden.<br>H\u00e5per \u00e5 lage en diskusjonsside hvor folk kan gi skikkelig god konstruktiv kritikk.<br>Dette er ment \u00e5 v\u00e6re et sted hvor man l\u00e6rer av hverandre.<br>Vi oppfordrer alle til \u00e5 opptre h\u00f8flig og saklig.<br><br><br><\/p>\n\n\n\n<figure class=\"wp-block-image aligncenter size-large is-style-default\"><img fetchpriority=\"high\" decoding=\"async\" width=\"1024\" height=\"247\" src=\"https:\/\/fotokritikken.no\/wp-content\/uploads\/2025\/06\/Smalt-1024x247.jpg\" alt=\"\" class=\"wp-image-486\" srcset=\"https:\/\/fotokritikken.no\/wp-content\/uploads\/2025\/06\/Smalt-1024x247.jpg 1024w, https:\/\/fotokritikken.no\/wp-content\/uploads\/2025\/06\/Smalt-300x73.jpg 300w, https:\/\/fotokritikken.no\/wp-content\/uploads\/2025\/06\/Smalt-768x186.jpg 768w, https:\/\/fotokritikken.no\/wp-content\/uploads\/2025\/06\/Smalt-1536x371.jpg 1536w, https:\/\/fotokritikken.no\/wp-content\/uploads\/2025\/06\/Smalt.jpg 1920w\" sizes=\"(max-width: 1024px) 100vw, 1024px\" \/><\/figure>\n","protected":false},"excerpt":{"rendered":"<p>Det er \u00f8nskelig at alle som bruker sidene bidrar med konstruktiv og god kritikk.Vi har egne eksperter som kommenterer bildene dine i tillegg til alle andre, som fritt kan kommentere \u00e5 mene noe om innholdet i bildene dine. Denne siden er ment som et tilbud for alle som har fotointeresse over gjennomsnittet, det er opp [&hellip;]<\/p>\n","protected":false},"author":1,"featured_media":0,"parent":0,"menu_order":0,"comment_status":"closed","ping_status":"closed","template":"","meta":{"footnotes":""},"class_list":["post-38","page","type-page","status-publish","hentry"],"blocksy_meta":[],"_links":{"self":[{"href":"https:\/\/fotokritikken.no\/index.php?rest_route=\/wp\/v2\/pages\/38","targetHints":{"allow":["GET"]}}],"collection":[{"href":"https:\/\/fotokritikken.no\/index.php?rest_route=\/wp\/v2\/pages"}],"about":[{"href":"https:\/\/fotokritikken.no\/index.php?rest_route=\/wp\/v2\/types\/page"}],"author":[{"embeddable":true,"href":"https:\/\/fotokritikken.no\/index.php?rest_route=\/wp\/v2\/users\/1"}],"replies":[{"embeddable":true,"href":"https:\/\/fotokritikken.no\/index.php?rest_route=%2Fwp%2Fv2%2Fcomments&post=38"}],"version-history":[{"count":26,"href":"https:\/\/fotokritikken.no\/index.php?rest_route=\/wp\/v2\/pages\/38\/revisions"}],"predecessor-version":[{"id":490,"href":"https:\/\/fotokritikken.no\/index.php?rest_route=\/wp\/v2\/pages\/38\/revisions\/490"}],"wp:attachment":[{"href":"https:\/\/fotokritikken.no\/index.php?rest_route=%2Fwp%2Fv2%2Fmedia&parent=38"}],"curies":[{"name":"wp","href":"https:\/\/api.w.org\/{rel}","templated":true}]}}